{"id":2189,"date":"2021-02-03T19:52:24","date_gmt":"2021-02-03T17:52:24","guid":{"rendered":"https:\/\/campingscat.com\/blog\/?page_id=2189"},"modified":"2025-02-17T19:16:09","modified_gmt":"2025-02-17T17:16:09","slug":"bases","status":"publish","type":"page","link":"https:\/\/campingscat.com\/blog\/ca\/bases\/","title":{"rendered":"Bases"},"content":{"rendered":"<script>const cc_search_query = \"\";<\/script><p>[vc_row][vc_column][vc_column_text]<\/p>\n<div><strong>INFORMACI\u00d3 B\u00c0SICA SOBRE PROTECCI\u00d3 DE DADES<\/strong><\/div>\n<div>Responsable: TERRA ALTA TURISME, SL (operant sota la marca comercial Campingscat). Finalitat: Enviament de butlletins, aix\u00ed com informacions d\u2019inter\u00e8s relacionades amb l\u2019empresa. Legitimaci\u00f3: Consentiment de l\u2019interessat. Destinataris: Amb car\u00e0cter general no es comunicaran les dades personals a tercers, excepte obligaci\u00f3 legal. D\u2019existir, pot consultar els destinataris de les dades a la Informaci\u00f3 addicional. Drets que assisteixen a l\u2019Interessat: Pot exercir els drets d\u2019acc\u00e9s, rectificaci\u00f3, supressi\u00f3, portabilitat, de limitaci\u00f3 i oposici\u00f3 al tractament, tal com s\u2019explica a la Informaci\u00f3 addicional o dirigint-se a <a href=\"mailto:hola@campingscat.com\">hola@campingscat.com<\/a>. Informaci\u00f3 addicional:\u00a0Pot consultar la Informaci\u00f3 addicional sobre protecci\u00f3 de dades a l\u2019<a href=\"https:\/\/campingscat.com\/ca\/avis-legal\/\" target=\"_blank\" rel=\"noopener\" data-saferedirecturl=\"https:\/\/www.google.com\/url?q=https:\/\/campingscat.com\/ca\/avis-legal\/&amp;source=gmail&amp;ust=1612456066407000&amp;usg=AFQjCNHi0sDeWXiBEF8uGFG2JAjsKkPYMg\">Av\u00eds legal<\/a>\u00a0de\u00a0<a href=\"http:\/\/campingscat.com\/\" target=\"_blank\" rel=\"noopener\" data-saferedirecturl=\"https:\/\/www.google.com\/url?q=http:\/\/campingscat.com&amp;source=gmail&amp;ust=1612456066407000&amp;usg=AFQjCNEGoi1ssnF66fJlWJBWnQlTHJLEeA\">campingscat.com<\/a><\/div>\n<div><\/div>\n<div><\/div>\n<p><strong>BASES DEL CONCURS<\/strong><\/p>\n<div><strong>1. Organitzador<\/strong> La empresa organitzadora es TERRA ALTA TURISME, SL (operant sota la marca CampingsCat) m\u00e9s endavant \u201cCampingsCat\u201d\u00a0 amb domicili a Corbera d&#8217;Ebre, Av. Catalunya, 46, 43784 Tarragona NIF\u00a0\u00a0B55701015\u00a0 i organitza el sorteig (en endavant CONCURS) sota la seva responsabilitat i de conformitat amb les bases detallades a continuaci\u00f3:<\/div>\n<div><\/div>\n<div><\/div>\n<div><strong>2. Requisits per a participar<\/strong><\/div>\n<div>Nom\u00e9s podran participar en aquest sorteig persones majors de 18 anys amb domicili a Espanya. Per a poder participar, el participant ha de ser el titular del compte de correu electr\u00f2nic. A m\u00e9s, amb la seva participaci\u00f3 en aquest sorteig , el participant accepta con\u00e8ixer i complir les condicions.<\/div>\n<div><\/div>\n<div><\/div>\n<div><strong>3. Mec\u00e0nica, premi i dates<\/strong><\/div>\n<div>La informaci\u00f3 particular del sorteig: la mec\u00e0nica, premi i les dates de realitzaci\u00f3 i comunicaci\u00f3 del guanyador s\u2019indica en el post del\u00a0propi sorteig i tamb\u00e9 en la p\u00e0gina creada espec\u00edficament\u00a0per al concurs.<\/div>\n<div><\/div>\n<div><\/div>\n<div><strong>4. Elecci\u00f3n del guanyador<\/strong><\/div>\n<div>En el cas del sorteig, el guanyador ser\u00e0 escollit per CampingsCat de forma aleat\u00f2ria a trav\u00e9s de l\u2019aplicaci\u00f3 App Sorteos, d\u2019entre tots els inscrits en el sorteig.<\/div>\n<div>CampingsCat es posar\u00e0 en contacte amb el guanyador per a obtenir les dades necess\u00e0ries i poder enviar-li el premi. A l\u2019entregar les seves dades personals, el guanyador accepta expressament les condicions de les promocions descrites en aquestes bases de participaci\u00f3. En el cas que no es pugui contactar amb el guanyador en un termini de 15 dies des de la comunicaci\u00f3 del guanyador, es procedir\u00e0 a tornar a realitzar el sorteig de forma aleat\u00f2ria mitjan\u00e7ant la mateixa aplicaci\u00f3 App Sorteos.<\/div>\n<div><\/div>\n<div><\/div>\n<div><strong>5. Propietat Intel\u00b7lectual i Cessi\u00f3 de Drets d\u2019Imatge.<\/strong><\/div>\n<div>El guanyador del sorteig coneix i consenteix que el seu nom complet sigui publicat per CampingsCat\u00a0en tots els perfils de xarxes socials de CampingsCat.<\/div>\n<div><\/div>\n<div><\/div>\n<div><strong>6. Drets que assisteixn a l\u2019usuari:<\/strong><\/div>\n<div>Dret a retirar el consentiment en qualsevol moment<\/div>\n<div>Dret d\u2019acc\u00e9s, rectificaci\u00f3, portabilitat i supressi\u00f3 de les seves dades i la limitaci\u00f3\u00a0o oposici\u00f3 al seu tractament<\/div>\n<div>Dret a presentar una reclamaci\u00f3 davant l\u2019autoritat de control si considera que el tractament no s\u2019ajusta a la normativa vigent.<\/div>\n<div><\/div>\n<div><\/div>\n<div><strong>7. Aceptaci\u00f3 de les bases.<\/strong><\/div>\n<div>Participar en el sorteig implica que el participant accepta totalment les condicions d\u2019aquestes bases legals.<\/div>\n<p>[\/vc_column_text][\/vc_column][\/vc_row]<\/p>\n","protected":false},"excerpt":{"rendered":"<p>[vc_row][vc_column][vc_column_text] INFORMACI\u00d3 B\u00c0SICA SOBRE PROTECCI\u00d3 DE DADES Responsable: TERRA ALTA TURISME, SL (operant sota la&hellip;<\/p>\n","protected":false},"author":9,"featured_media":0,"parent":0,"menu_order":0,"comment_status":"closed","ping_status":"closed","template":"","meta":{"footnotes":""},"class_list":["post-2189","page","type-page","status-publish","hentry"],"yoast_head":"<!-- This site is optimized with the Yoast SEO plugin v27.3 - https:\/\/yoast.com\/product\/yoast-seo-wordpress\/ -->\n<title>Bases - Blog Campingscat<\/title>\n<meta name=\"robots\" content=\"index, follow, max-snippet:-1, max-image-preview:large, max-video-preview:-1\" \/>\n<link rel=\"canonical\" href=\"https:\/\/campingscat.com\/blog\/ca\/bases\/\" \/>\n<meta property=\"og:locale\" content=\"ca_ES\" \/>\n<meta property=\"og:type\" content=\"article\" \/>\n<meta property=\"og:title\" content=\"Bases - Blog Campingscat\" \/>\n<meta property=\"og:description\" content=\"[vc_row][vc_column][vc_column_text] INFORMACI\u00d3 B\u00c0SICA SOBRE PROTECCI\u00d3 DE DADES Responsable: TERRA ALTA TURISME, SL (operant sota la&hellip;\" \/>\n<meta property=\"og:url\" content=\"https:\/\/campingscat.com\/blog\/ca\/bases\/\" \/>\n<meta property=\"og:site_name\" content=\"Blog Campingscat\" \/>\n<meta property=\"article:publisher\" content=\"https:\/\/www.facebook.com\/campingscat.campingsdecatalunya\/\" \/>\n<meta property=\"article:modified_time\" content=\"2025-02-17T17:16:09+00:00\" \/>\n<meta name=\"twitter:card\" content=\"summary_large_image\" \/>\n<meta name=\"twitter:site\" content=\"@campingscat\" \/>\n<meta name=\"twitter:label1\" content=\"Temps estimat de lectura\" \/>\n\t<meta name=\"twitter:data1\" content=\"3 minuts\" \/>\n<script type=\"application\/ld+json\" class=\"yoast-schema-graph\">{\"@context\":\"https:\\\/\\\/schema.org\",\"@graph\":[{\"@type\":\"WebPage\",\"@id\":\"https:\\\/\\\/campingscat.com\\\/blog\\\/ca\\\/bases\\\/\",\"url\":\"https:\\\/\\\/campingscat.com\\\/blog\\\/ca\\\/bases\\\/\",\"name\":\"Bases - Blog Campingscat\",\"isPartOf\":{\"@id\":\"https:\\\/\\\/campingscat.com\\\/blog\\\/ca\\\/#website\"},\"datePublished\":\"2021-02-03T17:52:24+00:00\",\"dateModified\":\"2025-02-17T17:16:09+00:00\",\"breadcrumb\":{\"@id\":\"https:\\\/\\\/campingscat.com\\\/blog\\\/ca\\\/bases\\\/#breadcrumb\"},\"inLanguage\":\"ca\",\"potentialAction\":[{\"@type\":\"ReadAction\",\"target\":[\"https:\\\/\\\/campingscat.com\\\/blog\\\/ca\\\/bases\\\/\"]}]},{\"@type\":\"BreadcrumbList\",\"@id\":\"https:\\\/\\\/campingscat.com\\\/blog\\\/ca\\\/bases\\\/#breadcrumb\",\"itemListElement\":[{\"@type\":\"ListItem\",\"position\":1,\"name\":\"Inici\",\"item\":\"https:\\\/\\\/campingscat.com\\\/blog\\\/ca\\\/\"},{\"@type\":\"ListItem\",\"position\":2,\"name\":\"Bases\"}]},{\"@type\":\"WebSite\",\"@id\":\"https:\\\/\\\/campingscat.com\\\/blog\\\/ca\\\/#website\",\"url\":\"https:\\\/\\\/campingscat.com\\\/blog\\\/ca\\\/\",\"name\":\"Blog Campingscat\",\"description\":\"Campings de Catalunya\",\"publisher\":{\"@id\":\"https:\\\/\\\/campingscat.com\\\/blog\\\/ca\\\/#organization\"},\"potentialAction\":[{\"@type\":\"SearchAction\",\"target\":{\"@type\":\"EntryPoint\",\"urlTemplate\":\"https:\\\/\\\/campingscat.com\\\/blog\\\/ca\\\/?s={search_term_string}\"},\"query-input\":{\"@type\":\"PropertyValueSpecification\",\"valueRequired\":true,\"valueName\":\"search_term_string\"}}],\"inLanguage\":\"ca\"},{\"@type\":\"Organization\",\"@id\":\"https:\\\/\\\/campingscat.com\\\/blog\\\/ca\\\/#organization\",\"name\":\"Blog Campings CAT\",\"url\":\"https:\\\/\\\/campingscat.com\\\/blog\\\/ca\\\/\",\"logo\":{\"@type\":\"ImageObject\",\"inLanguage\":\"ca\",\"@id\":\"https:\\\/\\\/campingscat.com\\\/blog\\\/ca\\\/#\\\/schema\\\/logo\\\/image\\\/\",\"url\":\"https:\\\/\\\/campingscat.com\\\/blog\\\/wp-content\\\/uploads\\\/2020\\\/09\\\/logo-blog.png\",\"contentUrl\":\"https:\\\/\\\/campingscat.com\\\/blog\\\/wp-content\\\/uploads\\\/2020\\\/09\\\/logo-blog.png\",\"width\":272,\"height\":90,\"caption\":\"Blog Campings CAT\"},\"image\":{\"@id\":\"https:\\\/\\\/campingscat.com\\\/blog\\\/ca\\\/#\\\/schema\\\/logo\\\/image\\\/\"},\"sameAs\":[\"https:\\\/\\\/www.facebook.com\\\/campingscat.campingsdecatalunya\\\/\",\"https:\\\/\\\/x.com\\\/campingscat\",\"https:\\\/\\\/www.instagram.com\\\/campingscat\\\/\"]}]}<\/script>\n<!-- \/ Yoast SEO plugin. -->","yoast_head_json":{"title":"Bases - Blog Campingscat","robots":{"index":"index","follow":"follow","max-snippet":"max-snippet:-1","max-image-preview":"max-image-preview:large","max-video-preview":"max-video-preview:-1"},"canonical":"https:\/\/campingscat.com\/blog\/ca\/bases\/","og_locale":"ca_ES","og_type":"article","og_title":"Bases - Blog Campingscat","og_description":"[vc_row][vc_column][vc_column_text] INFORMACI\u00d3 B\u00c0SICA SOBRE PROTECCI\u00d3 DE DADES Responsable: TERRA ALTA TURISME, SL (operant sota la&hellip;","og_url":"https:\/\/campingscat.com\/blog\/ca\/bases\/","og_site_name":"Blog Campingscat","article_publisher":"https:\/\/www.facebook.com\/campingscat.campingsdecatalunya\/","article_modified_time":"2025-02-17T17:16:09+00:00","twitter_card":"summary_large_image","twitter_site":"@campingscat","twitter_misc":{"Temps estimat de lectura":"3 minuts"},"schema":{"@context":"https:\/\/schema.org","@graph":[{"@type":"WebPage","@id":"https:\/\/campingscat.com\/blog\/ca\/bases\/","url":"https:\/\/campingscat.com\/blog\/ca\/bases\/","name":"Bases - Blog Campingscat","isPartOf":{"@id":"https:\/\/campingscat.com\/blog\/ca\/#website"},"datePublished":"2021-02-03T17:52:24+00:00","dateModified":"2025-02-17T17:16:09+00:00","breadcrumb":{"@id":"https:\/\/campingscat.com\/blog\/ca\/bases\/#breadcrumb"},"inLanguage":"ca","potentialAction":[{"@type":"ReadAction","target":["https:\/\/campingscat.com\/blog\/ca\/bases\/"]}]},{"@type":"BreadcrumbList","@id":"https:\/\/campingscat.com\/blog\/ca\/bases\/#breadcrumb","itemListElement":[{"@type":"ListItem","position":1,"name":"Inici","item":"https:\/\/campingscat.com\/blog\/ca\/"},{"@type":"ListItem","position":2,"name":"Bases"}]},{"@type":"WebSite","@id":"https:\/\/campingscat.com\/blog\/ca\/#website","url":"https:\/\/campingscat.com\/blog\/ca\/","name":"Blog Campingscat","description":"Campings de Catalunya","publisher":{"@id":"https:\/\/campingscat.com\/blog\/ca\/#organization"},"potentialAction":[{"@type":"SearchAction","target":{"@type":"EntryPoint","urlTemplate":"https:\/\/campingscat.com\/blog\/ca\/?s={search_term_string}"},"query-input":{"@type":"PropertyValueSpecification","valueRequired":true,"valueName":"search_term_string"}}],"inLanguage":"ca"},{"@type":"Organization","@id":"https:\/\/campingscat.com\/blog\/ca\/#organization","name":"Blog Campings CAT","url":"https:\/\/campingscat.com\/blog\/ca\/","logo":{"@type":"ImageObject","inLanguage":"ca","@id":"https:\/\/campingscat.com\/blog\/ca\/#\/schema\/logo\/image\/","url":"https:\/\/campingscat.com\/blog\/wp-content\/uploads\/2020\/09\/logo-blog.png","contentUrl":"https:\/\/campingscat.com\/blog\/wp-content\/uploads\/2020\/09\/logo-blog.png","width":272,"height":90,"caption":"Blog Campings CAT"},"image":{"@id":"https:\/\/campingscat.com\/blog\/ca\/#\/schema\/logo\/image\/"},"sameAs":["https:\/\/www.facebook.com\/campingscat.campingsdecatalunya\/","https:\/\/x.com\/campingscat","https:\/\/www.instagram.com\/campingscat\/"]}]}},"_links":{"self":[{"href":"https:\/\/campingscat.com\/blog\/ca\/wp-json\/wp\/v2\/pages\/2189","targetHints":{"allow":["GET"]}}],"collection":[{"href":"https:\/\/campingscat.com\/blog\/ca\/wp-json\/wp\/v2\/pages"}],"about":[{"href":"https:\/\/campingscat.com\/blog\/ca\/wp-json\/wp\/v2\/types\/page"}],"author":[{"embeddable":true,"href":"https:\/\/campingscat.com\/blog\/ca\/wp-json\/wp\/v2\/users\/9"}],"replies":[{"embeddable":true,"href":"https:\/\/campingscat.com\/blog\/ca\/wp-json\/wp\/v2\/comments?post=2189"}],"version-history":[{"count":8,"href":"https:\/\/campingscat.com\/blog\/ca\/wp-json\/wp\/v2\/pages\/2189\/revisions"}],"predecessor-version":[{"id":13051,"href":"https:\/\/campingscat.com\/blog\/ca\/wp-json\/wp\/v2\/pages\/2189\/revisions\/13051"}],"wp:attachment":[{"href":"https:\/\/campingscat.com\/blog\/ca\/wp-json\/wp\/v2\/media?parent=2189"}],"curies":[{"name":"wp","href":"https:\/\/api.w.org\/{rel}","templated":true}]}}